{"id":4691,"date":"2016-03-02T08:16:26","date_gmt":"2016-03-02T08:16:26","guid":{"rendered":"https:\/\/www.bordajatetxea.com\/?page_id=4691&#038;lang=eu"},"modified":"2018-11-15T16:11:02","modified_gmt":"2018-11-15T16:11:02","slug":"contacto","status":"publish","type":"page","link":"https:\/\/www.bordajatetxea.com\/eu\/contacto\/","title":{"rendered":"Harremanetarako"},"content":{"rendered":"<section class=\"wpb-content-wrapper\"><p>[vc_row css=&#8221;.vc_custom_1455641295636{padding-top: 75px !important;}&#8221; stm_row_separator_repeat=&#8221;repeat&#8221;][vc_column]<div id=\"ultimate-heading-160269e0c56575fb5\" class=\"uvc-heading ult-adjust-bottom-margin ultimate-heading-160269e0c56575fb5 uvc-6559 \" data-hspacer=\"line_with_icon\" data-hline_width=\"auto\" data-hicon_type=\"selector\" data-hborder_style=\"solid\" data-hborder_height=\"1\" data-hborder_color=\"#a7781d\" data-icon_width=\"18\" data-hfixer=\"17\"  data-halign=\"center\" style=\"text-align:center\"><div class=\"uvc-main-heading ult-responsive\"  data-ultimate-target='.uvc-heading.ultimate-heading-160269e0c56575fb5 h2'  data-responsive-json-new='{\"font-size\":\"desktop:60px;\",\"line-height\":\"\"}' ><h2 style=\"font-weight:normal;color:#000000;margin-bottom:27px;\">Harremanetarako<\/h2><\/div><div class=\"uvc-heading-spacer line_with_icon\" style=\"margin-bottom:37px;height:18px;\"><div class=\"ult-just-icon-wrapper  \"><div class=\"align-icon\" style=\"text-align:center;\">\n<div class=\"aio-icon none \"  style=\"color:#a7781d;font-size:18px;display:inline-block;\">\n\t<i class=\"Defaults-bookmark\"><\/i>\n<\/div><\/div><\/div><\/div><\/div>[\/vc_column][\/vc_row][vc_row][vc_column width=&#8221;1\/2&#8243;]\n<div class=\"wpcf7 no-js\" id=\"wpcf7-f5132-o1\" lang=\"es-ES\" dir=\"ltr\">\n<div class=\"screen-reader-response\"><p role=\"status\" aria-live=\"polite\" aria-atomic=\"true\"><\/p> <ul><\/ul><\/div>\n<form action=\"\/eu\/wp-json\/wp\/v2\/pages\/4691#wpcf7-f5132-o1\" method=\"post\" class=\"wpcf7-form init\" aria-label=\"Formulario de contacto\" novalidate=\"novalidate\" data-status=\"init\">\n<div style=\"display: none;\">\n<input type=\"hidden\" name=\"_wpcf7\" value=\"5132\" \/>\n<input type=\"hidden\" name=\"_wpcf7_version\" value=\"5.8.1\" \/>\n<input type=\"hidden\" name=\"_wpcf7_locale\" value=\"es_ES\" \/>\n<input type=\"hidden\" name=\"_wpcf7_unit_tag\" value=\"wpcf7-f5132-o1\" \/>\n<input type=\"hidden\" name=\"_wpcf7_container_post\" value=\"0\" \/>\n<input type=\"hidden\" name=\"_wpcf7_posted_data_hash\" value=\"\" \/>\n<input type=\"hidden\" name=\"_wpcf7_recaptcha_response\" value=\"\" \/>\n<\/div>\n<div class=\"contact-form\">\n\t<div class=\"contact-form_in\">\n\t\t<p class=\"form-field text-field_wrapper\"><label for=\"contact-name\"><span class=\"ic-pen\"><\/span><\/label><span class=\"wpcf7-form-control-wrap\" data-name=\"your-name\"><input size=\"40\" class=\"wpcf7-form-control wpcf7-text wpcf7-validates-as-required\" aria-required=\"true\" aria-invalid=\"false\" placeholder=\"Izena\" value=\"\" type=\"text\" name=\"your-name\" \/><\/span>\n\t\t<\/p>\n\t\t<p class=\"form-field text-field_wrapper\"><label for=\"contact-email\"><span class=\"ic-envelope\"><\/span><\/label><span class=\"wpcf7-form-control-wrap\" data-name=\"your-email\"><input size=\"40\" class=\"wpcf7-form-control wpcf7-email wpcf7-validates-as-required wpcf7-text wpcf7-validates-as-email\" aria-required=\"true\" aria-invalid=\"false\" placeholder=\"Posta elektronikoa\" value=\"\" type=\"email\" name=\"your-email\" \/><\/span>\n\t\t<\/p>\n\t\t<p class=\"form-field text-field_wrapper\"><label for=\"contact-subject\"><\/label><span class=\"wpcf7-form-control-wrap\" data-name=\"your-subject\"><input size=\"40\" class=\"wpcf7-form-control wpcf7-text\" aria-invalid=\"false\" placeholder=\"Gaia\" value=\"\" type=\"text\" name=\"your-subject\" \/><\/span>\n\t\t<\/p>\n\t\t<p class=\"form-field big-text-field_wrapper\"><label for=\"contact-message\"><\/label><span class=\"wpcf7-form-control-wrap\" data-name=\"your-message\"><textarea cols=\"40\" rows=\"10\" class=\"wpcf7-form-control wpcf7-textarea\" aria-invalid=\"false\" placeholder=\"Mezua...\" name=\"your-message\"><\/textarea><\/span>\n\t\t<\/p>\n\t\t<p><span class=\"wpcf7-form-control-wrap\" data-name=\"acceptance-369\"><span class=\"wpcf7-form-control wpcf7-acceptance\"><span class=\"wpcf7-list-item\"><input type=\"checkbox\" name=\"acceptance-369\" value=\"1\" aria-invalid=\"false\" \/><\/span><\/span><\/span><a href=\"https:\/\/www.bordajatetxea.com\/politica-de-privacidad\/\">Pribatutasun politika<\/a> irakurri dut eta onartzen dut.\n\t\t<\/p>\n\t\t<div>\n\t\t\t<p><span style=\"font-size:10px;\">ASADOR BORDA S.L., como responsable del tratamiento, le informa que sus datos son recabados con la finalidad de: Recoger los datos de car\u00e1cter personal que sean obtenidos a trav\u00e9s de los formularios de contacto disponibles en la p\u00e1gina web de la empresa para el contacto con el solicitante y gesti\u00f3n de reservas. La base jur\u00eddica para el tratamiento es el consentimiento del interesado. Sus datos no se ceder\u00e1n a terceros salvo obligaci\u00f3n legal. Cualquier persona tiene derecho a solicitar el acceso, rectificaci\u00f3n, supresi\u00f3n, limitaci\u00f3n del tratamiento, oposici\u00f3n o derecho a la portabilidad de sus datos personales, escribi\u00e9ndonos a la direcci\u00f3n de nuestras oficinas, o enviando un correo electr\u00f3nico a <a href=\"mailto:ainhoa.maneru@hotmail.es\">ainhoa.maneru@hotmail.es<\/a>, indicando el derecho que desea ejercer. Puede obtener informaci\u00f3n adicional en nuestra pol\u00edtica de privacidad.<\/span>\n\t\t\t<\/p>\n\t\t<\/div>\n\t<\/div>\n\t<p class=\"form-field form-field_submit\"><input class=\"wpcf7-form-control wpcf7-submit has-spinner\" type=\"submit\" value=\"Bidali\" \/>\n\t<\/p>\n<\/div><div class=\"wpcf7-response-output\" aria-hidden=\"true\"><\/div>\n<\/form>\n<\/div>\n[\/vc_column][vc_column width=&#8221;1\/2&#8243;][vc_raw_html]JTNDaWZyYW1lJTIwc3JjJTNEJTIyaHR0cHMlM0ElMkYlMkZ3d3cuZ29vZ2xlLmNvbSUyRm1hcHMlMkZlbWJlZCUzRnBiJTNEJTIxMW0xOCUyMTFtMTIlMjExbTMlMjExZDkzNTM5LjEzMDQ0OTYyMzY4JTIxMmQtMi4yNDQ1NDgyODU3Mjg1MjElMjEzZDQyLjg5MTg4MjcyMDAwMTAxJTIxMm0zJTIxMWYwJTIxMmYwJTIxM2YwJTIxM20yJTIxMWkxMDI0JTIxMmk3NjglMjE0ZjEzLjElMjEzbTMlMjExbTIlMjExczB4ZDUwNDNlMGYxMzE4NmRmJTI1M0EweDU5NjY1OTc1NmJlZTZjMmElMjEyc0JvcmRhJTJCSmF0ZXR4ZWElMjE1ZTAlMjEzbTIlMjExc2VzJTIxMnNlcyUyMTR2MTU0MjI5ODEyOTc5MyUyMiUyMHdpZHRoJTNEJTIyMTAwJTI1JTIyJTIwaGVpZ2h0JTNEJTIyNDUwJTIyJTIwZnJhbWVib3JkZXIlM0QlMjIwJTIyJTIwc3R5bGUlM0QlMjJib3JkZXIlM0EwJTIyJTIwYWxsb3dmdWxsc2NyZWVuJTNFJTNDJTJGaWZyYW1lJTNF[\/vc_raw_html]<div class=\"ult-spacer spacer-69e0c5657c3ad\" data-id=\"69e0c5657c3ad\" data-height=\"32\" data-height-mobile=\"32\" data-height-tab=\"32\" data-height-tab-portrait=\"\" data-height-mobile-landscape=\"\" style=\"clear:both;display:block;\"><\/div><div class=\"stm-address\"><div class=\"stm-address_context\">\n\t\t<div class=\"stm-address_text\">\n\t\t\t<p>Borda Jatetxea \u00b7 Arluzepe kalea, 11<\/p>\n<p>31820 Etxarri Aranatz \u00b7 Nafarroa<\/p>\n\n\t\t<\/div><div class=\"stm-address_relations\"><div class=\"stm-relations_email\"><span class=\"stm_icon icon-mail13\"><\/span><a href=\"mailto:info@bordajatetxea.com\">info@bordajatetxea.com<\/a><\/div><div class=\"stm-relations_phone\"><span class=\"stm_icon icon-phone\"><\/span><span class=\"stm_rphone-number\">Erreserbak: 948 46 05 45<\/span><\/div><\/div><\/div><\/div>[\/vc_column][\/vc_row][vc_row][vc_column]<div class=\"ult-spacer spacer-69e0c5657c490\" data-id=\"69e0c5657c490\" data-height=\"37\" data-height-mobile=\"37\" data-height-tab=\"37\" data-height-tab-portrait=\"\" data-height-mobile-landscape=\"\" style=\"clear:both;display:block;\"><\/div><div id=\"ultimate-heading-347169e0c5657c554\" class=\"uvc-heading ult-adjust-bottom-margin ultimate-heading-347169e0c5657c554 uvc-7626 \" data-hspacer=\"line_with_icon\" data-hline_width=\"auto\" data-hicon_type=\"selector\" data-hborder_style=\"solid\" data-hborder_height=\"1\" data-hborder_color=\"#a7781d\" data-icon_width=\"18\" data-hfixer=\"17\"  data-halign=\"center\" style=\"text-align:center\"><div class=\"uvc-heading-spacer line_with_icon\" style=\"margin-bottom:0px;height:18px;\"><div class=\"ult-just-icon-wrapper  \"><div class=\"align-icon\" style=\"text-align:center;\">\n<div class=\"aio-icon none \"  style=\"color:#a7781d;font-size:18px;display:inline-block;\">\n\t<i class=\"icomoon-diamonds\"><\/i>\n<\/div><\/div><\/div><\/div><\/div><div class=\"ult-spacer spacer-69e0c5657c590\" data-id=\"69e0c5657c590\" data-height=\"67\" data-height-mobile=\"67\" data-height-tab=\"67\" data-height-tab-portrait=\"\" data-height-mobile-landscape=\"\" style=\"clear:both;display:block;\"><\/div>[\/vc_column][\/vc_row]<\/p>\n<\/section>","protected":false},"excerpt":{"rendered":"<p>[vc_row css=&#8221;.vc_custom_1455641295636{padding-top: 75px !important;}&#8221; stm_row_separator_repeat=&#8221;repeat&#8221;][vc_column][\/vc_column][\/vc_row][vc_row][vc_column width=&#8221;1\/2&#8243;][\/vc_column][vc_column width=&#8221;1\/2&#8243;][vc_raw_html]JTNDaWZyYW1lJTIwc3JjJTNEJTIyaHR0cHMlM0ElMkYlMkZ3d3cuZ29vZ2xlLmNvbSUyRm1hcHMlMkZlbWJlZCUzRnBiJTNEJTIxMW0xOCUyMTFtMTIlMjExbTMlMjExZDkzNTM5LjEzMDQ0OTYyMzY4JTIxMmQtMi4yNDQ1NDgyODU3Mjg1MjElMjEzZDQyLjg5MTg4MjcyMDAwMTAxJTIxMm0zJTIxMWYwJTIxMmYwJTIxM2YwJTIxM20yJTIxMWkxMDI0JTIxMmk3NjglMjE0ZjEzLjElMjEzbTMlMjExbTIlMjExczB4ZDUwNDNlMGYxMzE4NmRmJTI1M0EweDU5NjY1OTc1NmJlZTZjMmElMjEyc0JvcmRhJTJCSmF0ZXR4ZWElMjE1ZTAlMjEzbTIlMjExc2VzJTIxMnNlcyUyMTR2MTU0MjI5ODEyOTc5MyUyMiUyMHdpZHRoJTNEJTIyMTAwJTI1JTIyJTIwaGVpZ2h0JTNEJTIyNDUwJTIyJTIwZnJhbWVib3JkZXIlM0QlMjIwJTIyJTIwc3R5bGUlM0QlMjJib3JkZXIlM0EwJTIyJTIwYWxsb3dmdWxsc2NyZWVuJTNFJTNDJTJGaWZyYW1lJTNF[\/vc_raw_html][\/vc_column][\/vc_row][vc_row][vc_column][\/vc_column][\/vc_row]<\/p>\n","protected":false},"author":1,"featured_media":0,"parent":0,"menu_order":0,"comment_status":"closed","ping_status":"closed","template":"","meta":{"_links_to":"","_links_to_target":""},"aioseo_notices":[],"_links":{"self":[{"href":"https:\/\/www.bordajatetxea.com\/eu\/wp-json\/wp\/v2\/pages\/4691"}],"collection":[{"href":"https:\/\/www.bordajatetxea.com\/eu\/wp-json\/wp\/v2\/pages"}],"about":[{"href":"https:\/\/www.bordajatetxea.com\/eu\/wp-json\/wp\/v2\/types\/page"}],"author":[{"embeddable":true,"href":"https:\/\/www.bordajatetxea.com\/eu\/wp-json\/wp\/v2\/users\/1"}],"replies":[{"embeddable":true,"href":"https:\/\/www.bordajatetxea.com\/eu\/wp-json\/wp\/v2\/comments?post=4691"}],"version-history":[{"count":5,"href":"https:\/\/www.bordajatetxea.com\/eu\/wp-json\/wp\/v2\/pages\/4691\/revisions"}],"predecessor-version":[{"id":5394,"href":"https:\/\/www.bordajatetxea.com\/eu\/wp-json\/wp\/v2\/pages\/4691\/revisions\/5394"}],"wp:attachment":[{"href":"https:\/\/www.bordajatetxea.com\/eu\/wp-json\/wp\/v2\/media?parent=4691"}],"curies":[{"name":"wp","href":"https:\/\/api.w.org\/{rel}","templated":true}]}}